{"id":1464,"date":"2020-03-03T01:57:37","date_gmt":"2020-03-03T01:57:37","guid":{"rendered":"https:\/\/demoapus2.com\/homeo\/?page_id=1464"},"modified":"2023-11-14T10:27:18","modified_gmt":"2023-11-14T10:27:18","slug":"agjentet","status":"publish","type":"page","link":"https:\/\/newdoor.al\/en\/agjentet\/","title":{"rendered":"Agents"},"content":{"rendered":"<div data-elementor-type=\"wp-page\" data-elementor-id=\"1464\" class=\"elementor elementor-1464\">\n\t\t\t\t\t\t\t\t\t<section class=\"elementor-section elementor-top-section elementor-element elementor-element-8a98d7e elementor-section-boxed elementor-section-height-default elementor-section-height-default\" data-id=\"8a98d7e\" data-element_type=\"section\">\n\t\t\t\t\t\t<div class=\"elementor-container elementor-column-gap-no\">\n\t\t\t\t\t<div class=\"elementor-column elementor-col-100 elementor-top-column elementor-element elementor-element-36fa272\" data-id=\"36fa272\" data-element_type=\"column\">\n\t\t\t<div class=\"elementor-widget-wrap elementor-element-populated\">\n\t\t\t\t\t\t\t\t<div class=\"elementor-element elementor-element-a41bc6e elementor-widget elementor-widget-text-editor\" data-id=\"a41bc6e\" data-element_type=\"widget\" data-widget_type=\"text-editor.default\">\n\t\t\t\t<div class=\"elementor-widget-container\">\n\t\t\t<style>\/*! elementor - v3.17.0 - 08-11-2023 *\/\n.elementor-widget-text-editor.elementor-drop-cap-view-stacked .elementor-drop-cap{background-color:#69727d;color:#fff}.elementor-widget-text-editor.elementor-drop-cap-view-framed .elementor-drop-cap{color:#69727d;border:3px solid;background-color:transparent}.elementor-widget-text-editor:not(.elementor-drop-cap-view-default) .elementor-drop-cap{margin-top:8px}.elementor-widget-text-editor:not(.elementor-drop-cap-view-default) .elementor-drop-cap-letter{width:1em;height:1em}.elementor-widget-text-editor .elementor-drop-cap{float:left;text-align:center;line-height:1;font-size:50px}.elementor-widget-text-editor .elementor-drop-cap-letter{display:inline-block}<\/style>\t\t\t\t\n<div class=\"agents-listing-wrapper main-items-wrapper\" data-display_mode=\"grid\">\n\t<div class=\"agents-ordering-wrapper\">\n<div class=\"results-count\">\n\tShowing all 3 results<\/div><div class=\"properties-ordering\">\n\t<form class=\"properties-ordering\" method=\"get\" action=\"https:\/\/newdoor.al\/en\/agjentet\/\" data-trp-original-action=\"https:\/\/newdoor.al\/en\/agjentet\/\">\n\t\t<div class=\"label\">Sort by:<\/div>\n\t\t<select name=\"filter-orderby\" class=\"orderby\">\n\t\t\t\t\t\t\t<option value=\"menu_order\" >Default<\/option>\n\t\t\t\t\t\t\t<option value=\"newest\"  selected='selected'>Newest<\/option>\n\t\t\t\t\t\t\t<option value=\"oldest\" >Oldest<\/option>\n\t\t\t\t\t\t\t<option value=\"name\" >Name<\/option>\n\t\t\t\t\t\t\t<option value=\"random\" >Random<\/option>\n\t\t\t\t\t<\/select>\n\t\t<input type=\"hidden\" name=\"paged\" value=\"1\" \/>\n\t\t\t<input type=\"hidden\" name=\"trp-form-language\" value=\"en\"\/><\/form>\n<\/div>\n<\/div>\n\n\t\n\t\t<div class=\"agents-wrapper items-wrapper clearfix\">\n\t\t\t\n\t\t\t\t\t\t\t<div class=\"row\">\n\t\t\t\t\t\t\t\t\t\t\t<div class=\"col-sm-6 col-md-6 col-xs-12 lg-clearfix md-clearfix sm-clearfix\">\n\t\t\t\t\t\t\t\n\n<article id=\"post-4443\" class=\"post-4443 agent type-agent status-publish has-post-thumbnail hentry\">\n    <div class=\"agent-grid agent-item\">\n        <div class=\"top-info\">\n        \t                <div class=\"member-thumbnail-wrapper flex-middle justify-content-center\">\n                        <div class=\"agent-logo-wrapper\">\r\n        <a class=\"agent-logo\" href=\"https:\/\/newdoor.al\/en\/agent\/klejdi-papa\/\">\r\n                        \t<div class=\"image-wrapper\"><img loading=\"lazy\" decoding=\"async\" width=\"425\" height=\"325\" src=\"data:image\/svg+xml;charset=utf-8,%3Csvg xmlns%3D&#039;http%3A%2F%2Fwww.w3.org%2F2000%2Fsvg&#039; viewBox%3D&#039;0 0 425 325&#039;%2F%3E\" class=\"attachment-homeo-agent-grid size-homeo-agent-grid unveil-image\" alt=\"\" data-src=\"https:\/\/newdoor.al\/wp-content\/uploads\/2023\/11\/121266131_353043862805088_4367792515228308657_n-1-425x325.jpg\" \/><\/div>                    <\/a>\r\n    <\/div>\r\n                        \t<div class=\"nb-property\">\r\n        0 Properties    <\/div>\r\n                    <\/div>\n            \n            <div class=\"agent-information\">\n            \t\n        \t\t<h2 class=\"agent-title\"><a href=\"https:\/\/newdoor.al\/en\/agent\/klejdi-papa\/\" rel=\"bookmark\">Klejdi Papa<\/a><\/h2>                <div class=\"property-job\">Manager<\/div>                <div class=\"metas\">\n                                                                                <div class=\"agent-website with-title\">\r\n                <span>Website:<\/span>\r\n                        <a href=\"https:\/\/newdoor.al\/en\/\" target=\"_blank\">https:\/\/newdoor.al<\/a>\r\n        <\/div>                <\/div>\n\n        \t<\/div>\n        <\/div>\n        <div class=\"agent-information-bottom flex-middle\">\n            <div class=\"agency-socials socials-member\"><a href=\"#\" target=\"_blank\"><i class=\"fab fa-facebook-f\"><\/i><\/a><a href=\"#\" target=\"_blank\"><i class=\"fab fa-instagram\"><\/i><\/a><a href=\"#\" target=\"_blank\"><i class=\"fab fa-twitter\"><\/i><\/a><a href=\"#\" target=\"_blank\"><i class=\"fab fa-linkedin-in\"><\/i><\/a><\/div>            <div class=\"ali-right\">\n                <a href=\"https:\/\/newdoor.al\/en\/agent\/klejdi-papa\/\" class=\"view-my-listings text-theme\">View My Listings<i class=\"fas fa-chevron-right\"><\/i><\/a>\n            <\/div>\n        <\/div>\n    <\/div>\n<\/article><!-- #post-## -->\n\n\t\t\t\t\t\t<\/div>\n\t\t\t\t\t\t\t\t\t\t\t<div class=\"col-sm-6 col-md-6 col-xs-12\">\n\t\t\t\t\t\t\t\n\n<article id=\"post-4444\" class=\"post-4444 agent type-agent status-publish has-post-thumbnail hentry\">\n    <div class=\"agent-grid agent-item\">\n        <div class=\"top-info\">\n        \t                <div class=\"member-thumbnail-wrapper flex-middle justify-content-center\">\n                        <div class=\"agent-logo-wrapper\">\r\n        <a class=\"agent-logo\" href=\"https:\/\/newdoor.al\/en\/agent\/denisa-metka\/\">\r\n                        \t<div class=\"image-wrapper\"><img loading=\"lazy\" decoding=\"async\" width=\"425\" height=\"325\" src=\"data:image\/svg+xml;charset=utf-8,%3Csvg xmlns%3D&#039;http%3A%2F%2Fwww.w3.org%2F2000%2Fsvg&#039; viewBox%3D&#039;0 0 425 325&#039;%2F%3E\" class=\"attachment-homeo-agent-grid size-homeo-agent-grid unveil-image\" alt=\"\" data-src=\"https:\/\/newdoor.al\/wp-content\/uploads\/2023\/11\/121266131_353043862805088_4367792515228308657_n-1-425x325.jpg\" \/><\/div>                    <\/a>\r\n    <\/div>\r\n                        \t<div class=\"nb-property\">\r\n        0 Properties    <\/div>\r\n                    <\/div>\n            \n            <div class=\"agent-information\">\n            \t\n        \t\t<h2 class=\"agent-title\"><a href=\"https:\/\/newdoor.al\/en\/agent\/denisa-metka\/\" rel=\"bookmark\">Denisa Metka<\/a><\/h2>                <div class=\"property-job\">Agent<\/div>                <div class=\"metas\">\n                                                                                <div class=\"agent-website with-title\">\r\n                <span>Website:<\/span>\r\n                        <a href=\"https:\/\/newdoor.al\/en\/\" target=\"_blank\">https:\/\/newdoor.al<\/a>\r\n        <\/div>                <\/div>\n\n        \t<\/div>\n        <\/div>\n        <div class=\"agent-information-bottom flex-middle\">\n            <div class=\"agency-socials socials-member\"><a href=\"#\" target=\"_blank\"><i class=\"fab fa-facebook-f\"><\/i><\/a><a href=\"#\" target=\"_blank\"><i class=\"fab fa-instagram\"><\/i><\/a><a href=\"#\" target=\"_blank\"><i class=\"fab fa-twitter\"><\/i><\/a><a href=\"#\" target=\"_blank\"><i class=\"fab fa-linkedin-in\"><\/i><\/a><\/div>            <div class=\"ali-right\">\n                <a href=\"https:\/\/newdoor.al\/en\/agent\/denisa-metka\/\" class=\"view-my-listings text-theme\">View My Listings<i class=\"fas fa-chevron-right\"><\/i><\/a>\n            <\/div>\n        <\/div>\n    <\/div>\n<\/article><!-- #post-## -->\n\n\t\t\t\t\t\t<\/div>\n\t\t\t\t\t\t\t\t\t\t\t<div class=\"col-sm-6 col-md-6 col-xs-12 lg-clearfix md-clearfix sm-clearfix\">\n\t\t\t\t\t\t\t\n\n<article id=\"post-6133\" class=\"post-6133 agent type-agent status-publish has-post-thumbnail hentry\">\n    <div class=\"agent-grid agent-item\">\n        <div class=\"top-info\">\n        \t                <div class=\"member-thumbnail-wrapper flex-middle justify-content-center\">\n                        <div class=\"agent-logo-wrapper\">\r\n        <a class=\"agent-logo\" href=\"https:\/\/newdoor.al\/en\/agent\/ervin-kodrasi\/\">\r\n                        \t<div class=\"image-wrapper\"><img loading=\"lazy\" decoding=\"async\" width=\"425\" height=\"325\" src=\"data:image\/svg+xml;charset=utf-8,%3Csvg xmlns%3D&#039;http%3A%2F%2Fwww.w3.org%2F2000%2Fsvg&#039; viewBox%3D&#039;0 0 425 325&#039;%2F%3E\" class=\"attachment-homeo-agent-grid size-homeo-agent-grid unveil-image\" alt=\"\" data-src=\"https:\/\/newdoor.al\/wp-content\/uploads\/2023\/11\/121266131_353043862805088_4367792515228308657_n-1-425x325.jpg\" \/><\/div>                    <\/a>\r\n    <\/div>\r\n                        \t<div class=\"nb-property\">\r\n        0 Properties    <\/div>\r\n                    <\/div>\n            \n            <div class=\"agent-information\">\n            \t\n        \t\t<h2 class=\"agent-title\"><a href=\"https:\/\/newdoor.al\/en\/agent\/ervin-kodrasi\/\" rel=\"bookmark\">Ervin Kodrasi<\/a><\/h2>                <div class=\"property-job\">Agent<\/div>                <div class=\"metas\">\n                                                                                <div class=\"agent-website with-title\">\r\n                <span>Website:<\/span>\r\n                        <a href=\"https:\/\/newdoor.al\/en\/\" target=\"_blank\">https:\/\/newdoor.al<\/a>\r\n        <\/div>                <\/div>\n\n        \t<\/div>\n        <\/div>\n        <div class=\"agent-information-bottom flex-middle\">\n            <div class=\"agency-socials socials-member\"><a href=\"#\" target=\"_blank\"><i class=\"fab fa-facebook-f\"><\/i><\/a><a href=\"#\" target=\"_blank\"><i class=\"fab fa-instagram\"><\/i><\/a><a href=\"#\" target=\"_blank\"><i class=\"fab fa-twitter\"><\/i><\/a><a href=\"#\" target=\"_blank\"><i class=\"fab fa-linkedin-in\"><\/i><\/a><\/div>            <div class=\"ali-right\">\n                <a href=\"https:\/\/newdoor.al\/en\/agent\/ervin-kodrasi\/\" class=\"view-my-listings text-theme\">View My Listings<i class=\"fas fa-chevron-right\"><\/i><\/a>\n            <\/div>\n        <\/div>\n    <\/div>\n<\/article><!-- #post-## -->\n\n\t\t\t\t\t\t<\/div>\n\t\t\t\t\t\t\t\t\t<\/div>\n\t\t\t\t\t\t\n\n\t\t<\/div>\n\n\t\t\n\t\n\t<\/div>\n<div class=\"agents-pagination-wrapper main-pagination-wrapper\">\n\t<\/div>\n\t\t\t\t\t\t<\/div>\n\t\t\t\t<\/div>\n\t\t\t\t\t<\/div>\n\t\t<\/div>\n\t\t\t\t\t\t\t<\/div>\n\t\t<\/section>\n\t\t\t\t\t\t\t<\/div>","protected":false},"excerpt":{"rendered":"","protected":false},"author":1,"featured_media":0,"parent":0,"menu_order":0,"comment_status":"closed","ping_status":"closed","template":"page-agents.php","meta":{"footnotes":""},"class_list":["post-1464","page","type-page","status-publish","hentry"],"yoast_head":"<!-- This site is optimized with the Yoast SEO Premium plugin v21.6 (Yoast SEO v24.6) - https:\/\/yoast.com\/wordpress\/plugins\/seo\/ -->\n<title>Agjent\u00ebt - New Door<\/title>\n<meta name=\"description\" content=\"Zbulo nj\u00eb gam\u00eb t\u00eb gjer\u00eb pronash n\u00eb Tiran\u00eb, Durr\u00ebs, Vlor\u00eb dhe Elbasan. Gjej Apartamente, Ambient Biznesi, Vila dhe Siperfaqe Toke p\u00ebr shitje ose qira. Zbuloni tendencat e fundit n\u00eb tregun e pasurive t\u00eb paluajtshme n\u00eb Shqip\u00ebri. Prona e \u00ebndrrave tuaja po ju pret!\" \/>\n<meta name=\"robots\" content=\"index, follow, max-snippet:-1, max-image-preview:large, max-video-preview:-1\" \/>\n<link rel=\"canonical\" href=\"https:\/\/newdoor.al\/en\/agjentet\/\" \/>\n<meta property=\"og:locale\" content=\"en_US\" \/>\n<meta property=\"og:type\" content=\"article\" \/>\n<meta property=\"og:title\" content=\"Agjent\u00ebt\" \/>\n<meta property=\"og:description\" content=\"Zbulo nj\u00eb gam\u00eb t\u00eb gjer\u00eb pronash n\u00eb Tiran\u00eb, Durr\u00ebs, Vlor\u00eb dhe Elbasan. Gjej Apartamente, Ambient Biznesi, Vila dhe Siperfaqe Toke p\u00ebr shitje ose qira. Zbuloni tendencat e fundit n\u00eb tregun e pasurive t\u00eb paluajtshme n\u00eb Shqip\u00ebri. Prona e \u00ebndrrave tuaja po ju pret!\" \/>\n<meta property=\"og:url\" content=\"https:\/\/newdoor.al\/en\/agjentet\/\" \/>\n<meta property=\"og:site_name\" content=\"New Door\" \/>\n<meta property=\"article:publisher\" content=\"https:\/\/www.facebook.com\/newdoor.al\" \/>\n<meta property=\"article:modified_time\" content=\"2023-11-14T10:27:18+00:00\" \/>\n<meta property=\"og:image\" content=\"https:\/\/newdoor.al\/wp-content\/uploads\/2023\/11\/newdoor-icon.png\" \/>\n\t<meta property=\"og:image:width\" content=\"512\" \/>\n\t<meta property=\"og:image:height\" content=\"512\" \/>\n\t<meta property=\"og:image:type\" content=\"image\/png\" \/>\n<meta name=\"twitter:card\" content=\"summary_large_image\" \/>\n<script type=\"application\/ld+json\" class=\"yoast-schema-graph\">{\"@context\":\"https:\/\/schema.org\",\"@graph\":[{\"@type\":\"WebPage\",\"@id\":\"https:\/\/newdoor.al\/agjentet\/\",\"url\":\"https:\/\/newdoor.al\/agjentet\/\",\"name\":\"Agjent\u00ebt - New Door\",\"isPartOf\":{\"@id\":\"https:\/\/newdoor.al\/#website\"},\"datePublished\":\"2020-03-03T01:57:37+00:00\",\"dateModified\":\"2023-11-14T10:27:18+00:00\",\"description\":\"Zbulo nj\u00eb gam\u00eb t\u00eb gjer\u00eb pronash n\u00eb Tiran\u00eb, Durr\u00ebs, Vlor\u00eb dhe Elbasan. Gjej Apartamente, Ambient Biznesi, Vila dhe Siperfaqe Toke p\u00ebr shitje ose qira. Zbuloni tendencat e fundit n\u00eb tregun e pasurive t\u00eb paluajtshme n\u00eb Shqip\u00ebri. Prona e \u00ebndrrave tuaja po ju pret!\",\"breadcrumb\":{\"@id\":\"https:\/\/newdoor.al\/agjentet\/#breadcrumb\"},\"inLanguage\":\"en-US\",\"potentialAction\":[{\"@type\":\"ReadAction\",\"target\":[\"https:\/\/newdoor.al\/agjentet\/\"]}]},{\"@type\":\"BreadcrumbList\",\"@id\":\"https:\/\/newdoor.al\/agjentet\/#breadcrumb\",\"itemListElement\":[{\"@type\":\"ListItem\",\"position\":1,\"name\":\"Home\",\"item\":\"https:\/\/newdoor.al\/\"},{\"@type\":\"ListItem\",\"position\":2,\"name\":\"Agjent\u00ebt\"}]},{\"@type\":\"WebSite\",\"@id\":\"https:\/\/newdoor.al\/#website\",\"url\":\"https:\/\/newdoor.al\/\",\"name\":\"New Door\",\"description\":\"\",\"publisher\":{\"@id\":\"https:\/\/newdoor.al\/#organization\"},\"potentialAction\":[{\"@type\":\"SearchAction\",\"target\":{\"@type\":\"EntryPoint\",\"urlTemplate\":\"https:\/\/newdoor.al\/?s={search_term_string}\"},\"query-input\":{\"@type\":\"PropertyValueSpecification\",\"valueRequired\":true,\"valueName\":\"search_term_string\"}}],\"inLanguage\":\"en-US\"},{\"@type\":[\"Organization\",\"Place\"],\"@id\":\"https:\/\/newdoor.al\/#organization\",\"name\":\"New Door\",\"url\":\"https:\/\/newdoor.al\/\",\"logo\":{\"@id\":\"https:\/\/newdoor.al\/agjentet\/#local-main-organization-logo\"},\"image\":{\"@id\":\"https:\/\/newdoor.al\/agjentet\/#local-main-organization-logo\"},\"sameAs\":[\"https:\/\/www.facebook.com\/newdoor.al\",\"https:\/\/www.instagram.com\/newdoor.albania\/\",\"https:\/\/www.linkedin.com\/company\/newdoor-realestate\/\"],\"address\":{\"@id\":\"https:\/\/newdoor.al\/agjentet\/#local-main-place-address\"},\"geo\":{\"@type\":\"GeoCoordinates\",\"latitude\":\"41.31804934670323\",\"longitude\":\"19.813769779450464\"},\"telephone\":[\"+355685863063\",\"+355696634777\"],\"openingHoursSpecification\":{\"@type\":\"OpeningHoursSpecification\",\"dayOfWeek\":[\"Monday\",\"Tuesday\",\"Wednesday\",\"Thursday\",\"Friday\",\"Saturday\",\"Sunday\"],\"opens\":\"00:00\",\"closes\":\"23:59\"},\"email\":\"newdoor.socials@gmail.com\",\"areaServed\":\"Albania\"},{\"@type\":\"PostalAddress\",\"@id\":\"https:\/\/newdoor.al\/agjentet\/#local-main-place-address\",\"streetAddress\":\"Tiran\u00eb, Sheshi Willson, ngjitur me post\u00ebn Nr.8\",\"addressLocality\":\"Tiran\u00eb\",\"postalCode\":\"1019\",\"addressRegion\":\"Shqip\u00ebri\",\"addressCountry\":\"AL\"},{\"@type\":\"ImageObject\",\"inLanguage\":\"en-US\",\"@id\":\"https:\/\/newdoor.al\/agjentet\/#local-main-organization-logo\",\"url\":\"https:\/\/newdoor.al\/wp-content\/uploads\/2023\/11\/newdoor-icon.png\",\"contentUrl\":\"https:\/\/newdoor.al\/wp-content\/uploads\/2023\/11\/newdoor-icon.png\",\"width\":512,\"height\":512,\"caption\":\"New Door\"}]}<\/script>\n<meta name=\"geo.placename\" content=\"Tiran\u00eb\" \/>\n<meta name=\"geo.position\" content=\"41.31804934670323;19.813769779450464\" \/>\n<meta name=\"geo.region\" content=\"Albania\" \/>\n<!-- \/ Yoast SEO Premium plugin. -->","yoast_head_json":{"title":"Agjent\u00ebt - New Door","description":"Zbulo nj\u00eb gam\u00eb t\u00eb gjer\u00eb pronash n\u00eb Tiran\u00eb, Durr\u00ebs, Vlor\u00eb dhe Elbasan. Gjej Apartamente, Ambient Biznesi, Vila dhe Siperfaqe Toke p\u00ebr shitje ose qira. Zbuloni tendencat e fundit n\u00eb tregun e pasurive t\u00eb paluajtshme n\u00eb Shqip\u00ebri. Prona e \u00ebndrrave tuaja po ju pret!","robots":{"index":"index","follow":"follow","max-snippet":"max-snippet:-1","max-image-preview":"max-image-preview:large","max-video-preview":"max-video-preview:-1"},"canonical":"https:\/\/newdoor.al\/en\/agjentet\/","og_locale":"en_US","og_type":"article","og_title":"Agjent\u00ebt","og_description":"Zbulo nj\u00eb gam\u00eb t\u00eb gjer\u00eb pronash n\u00eb Tiran\u00eb, Durr\u00ebs, Vlor\u00eb dhe Elbasan. Gjej Apartamente, Ambient Biznesi, Vila dhe Siperfaqe Toke p\u00ebr shitje ose qira. Zbuloni tendencat e fundit n\u00eb tregun e pasurive t\u00eb paluajtshme n\u00eb Shqip\u00ebri. Prona e \u00ebndrrave tuaja po ju pret!","og_url":"https:\/\/newdoor.al\/en\/agjentet\/","og_site_name":"New Door","article_publisher":"https:\/\/www.facebook.com\/newdoor.al","article_modified_time":"2023-11-14T10:27:18+00:00","og_image":[{"width":512,"height":512,"url":"https:\/\/newdoor.al\/wp-content\/uploads\/2023\/11\/newdoor-icon.png","type":"image\/png"}],"twitter_card":"summary_large_image","schema":{"@context":"https:\/\/schema.org","@graph":[{"@type":"WebPage","@id":"https:\/\/newdoor.al\/agjentet\/","url":"https:\/\/newdoor.al\/agjentet\/","name":"Agjent\u00ebt - New Door","isPartOf":{"@id":"https:\/\/newdoor.al\/#website"},"datePublished":"2020-03-03T01:57:37+00:00","dateModified":"2023-11-14T10:27:18+00:00","description":"Zbulo nj\u00eb gam\u00eb t\u00eb gjer\u00eb pronash n\u00eb Tiran\u00eb, Durr\u00ebs, Vlor\u00eb dhe Elbasan. Gjej Apartamente, Ambient Biznesi, Vila dhe Siperfaqe Toke p\u00ebr shitje ose qira. Zbuloni tendencat e fundit n\u00eb tregun e pasurive t\u00eb paluajtshme n\u00eb Shqip\u00ebri. Prona e \u00ebndrrave tuaja po ju pret!","breadcrumb":{"@id":"https:\/\/newdoor.al\/agjentet\/#breadcrumb"},"inLanguage":"en-US","potentialAction":[{"@type":"ReadAction","target":["https:\/\/newdoor.al\/agjentet\/"]}]},{"@type":"BreadcrumbList","@id":"https:\/\/newdoor.al\/agjentet\/#breadcrumb","itemListElement":[{"@type":"ListItem","position":1,"name":"Home","item":"https:\/\/newdoor.al\/"},{"@type":"ListItem","position":2,"name":"Agjent\u00ebt"}]},{"@type":"WebSite","@id":"https:\/\/newdoor.al\/#website","url":"https:\/\/newdoor.al\/","name":"New Door","description":"","publisher":{"@id":"https:\/\/newdoor.al\/#organization"},"potentialAction":[{"@type":"SearchAction","target":{"@type":"EntryPoint","urlTemplate":"https:\/\/newdoor.al\/?s={search_term_string}"},"query-input":{"@type":"PropertyValueSpecification","valueRequired":true,"valueName":"search_term_string"}}],"inLanguage":"en-US"},{"@type":["Organization","Place"],"@id":"https:\/\/newdoor.al\/#organization","name":"New Door","url":"https:\/\/newdoor.al\/","logo":{"@id":"https:\/\/newdoor.al\/agjentet\/#local-main-organization-logo"},"image":{"@id":"https:\/\/newdoor.al\/agjentet\/#local-main-organization-logo"},"sameAs":["https:\/\/www.facebook.com\/newdoor.al","https:\/\/www.instagram.com\/newdoor.albania\/","https:\/\/www.linkedin.com\/company\/newdoor-realestate\/"],"address":{"@id":"https:\/\/newdoor.al\/agjentet\/#local-main-place-address"},"geo":{"@type":"GeoCoordinates","latitude":"41.31804934670323","longitude":"19.813769779450464"},"telephone":["+355685863063","+355696634777"],"openingHoursSpecification":{"@type":"OpeningHoursSpecification","dayOfWeek":["Monday","Tuesday","Wednesday","Thursday","Friday","Saturday","Sunday"],"opens":"00:00","closes":"23:59"},"email":"newdoor.socials@gmail.com","areaServed":"Albania"},{"@type":"PostalAddress","@id":"https:\/\/newdoor.al\/agjentet\/#local-main-place-address","streetAddress":"Tiran\u00eb, Sheshi Willson, ngjitur me post\u00ebn Nr.8","addressLocality":"Tiran\u00eb","postalCode":"1019","addressRegion":"Shqip\u00ebri","addressCountry":"AL"},{"@type":"ImageObject","inLanguage":"en-US","@id":"https:\/\/newdoor.al\/agjentet\/#local-main-organization-logo","url":"https:\/\/newdoor.al\/wp-content\/uploads\/2023\/11\/newdoor-icon.png","contentUrl":"https:\/\/newdoor.al\/wp-content\/uploads\/2023\/11\/newdoor-icon.png","width":512,"height":512,"caption":"New Door"}]},"geo.placename":"Tiran\u00eb","geo.position":{"lat":"41.31804934670323","long":"19.813769779450464"},"geo.region":"Albania"},"_links":{"self":[{"href":"https:\/\/newdoor.al\/en\/wp-json\/wp\/v2\/pages\/1464","targetHints":{"allow":["GET"]}}],"collection":[{"href":"https:\/\/newdoor.al\/en\/wp-json\/wp\/v2\/pages"}],"about":[{"href":"https:\/\/newdoor.al\/en\/wp-json\/wp\/v2\/types\/page"}],"author":[{"embeddable":true,"href":"https:\/\/newdoor.al\/en\/wp-json\/wp\/v2\/users\/1"}],"replies":[{"embeddable":true,"href":"https:\/\/newdoor.al\/en\/wp-json\/wp\/v2\/comments?post=1464"}],"version-history":[{"count":0,"href":"https:\/\/newdoor.al\/en\/wp-json\/wp\/v2\/pages\/1464\/revisions"}],"wp:attachment":[{"href":"https:\/\/newdoor.al\/en\/wp-json\/wp\/v2\/media?parent=1464"}],"curies":[{"name":"wp","href":"https:\/\/api.w.org\/{rel}","templated":true}]}}